{"id":43,"date":"2021-03-04T15:37:13","date_gmt":"2021-03-04T12:37:13","guid":{"rendered":"http:\/\/infodemiegitimi.org\/?page_id=43"},"modified":"2022-02-15T17:48:33","modified_gmt":"2022-02-15T14:48:33","slug":"proje-ekibi","status":"publish","type":"page","link":"http:\/\/infodemiegitimi.org\/en\/proje-ekibi\/","title":{"rendered":"Project Team"},"content":{"rendered":"<div class=\"wp-block-columns is-layout-flex wp-container-core-columns-layout-1 wp-block-columns-is-layout-flex\">\n<div class=\"wp-block-column is-layout-flow wp-block-column-is-layout-flow\">\n<div class=\"wp-block-image\"><figure class=\"aligncenter size-full\"><img loading=\"lazy\" decoding=\"async\" width=\"225\" height=\"300\" src=\"http:\/\/infodemiegitimi.org\/wp-content\/uploads\/2022\/02\/12_foto__Pinar-Uyan-Semerci_2.jpg\" alt=\"\" class=\"wp-image-812\" srcset=\"http:\/\/infodemiegitimi.org\/wp-content\/uploads\/2022\/02\/12_foto__Pinar-Uyan-Semerci_2.jpg 225w, http:\/\/infodemiegitimi.org\/wp-content\/uploads\/2022\/02\/12_foto__Pinar-Uyan-Semerci_2-9x12.jpg 9w\" sizes=\"(max-width: 225px) 100vw, 225px\" \/><\/figure><\/div>\n\n\n\n<h5 class=\"has-text-align-center wp-block-heading\">P\u0131nar Uyan Semerci<\/h5>\n\n\n\n<p class=\"has-text-align-center\">Project Coordinator<\/p>\n\n\n\n<p> P\u0131nar Uyan Semerci is professor at Istanbul Bilgi University Department of International Relations. Since 2007, she has been the Director of the Center for Migration Research and since 2017 she has been serving as the Dean of the Faculty of Social Sciences and Humanities at the same university. Holding a doctoral degree in Political Science from Bo\u011fazi\u00e7i University, her research areas specialize in social justice, human development, capability approach, poverty, child well-being, and identity formation. Moreover, she has various publications on child labour, political participation of youth, othering, polarization, migration and social policy. <\/p>\n<\/div>\n\n\n\n<div class=\"wp-block-column is-layout-flow wp-block-column-is-layout-flow\">\n<div class=\"wp-block-image\"><figure class=\"aligncenter size-full\"><img loading=\"lazy\" decoding=\"async\" width=\"225\" height=\"300\" src=\"http:\/\/infodemiegitimi.org\/wp-content\/uploads\/2022\/02\/13_foto_emre-erdogan_2.jpg\" alt=\"\" class=\"wp-image-813\" srcset=\"http:\/\/infodemiegitimi.org\/wp-content\/uploads\/2022\/02\/13_foto_emre-erdogan_2.jpg 225w, http:\/\/infodemiegitimi.org\/wp-content\/uploads\/2022\/02\/13_foto_emre-erdogan_2-9x12.jpg 9w\" sizes=\"(max-width: 225px) 100vw, 225px\" \/><\/figure><\/div>\n\n\n\n<h5 class=\"has-text-align-center wp-block-heading\">Emre Erdo\u011fan<\/h5>\n\n\n\n<p class=\"has-text-align-center\">Project Coordinator<\/p>\n\n\n\n<p> Prof. Emre Erdo\u011fan is the Head of the Department of International Relations at Istanbul Bilgi University. With a doctoral degree in Political Science from Bo\u011fazi\u00e7i University, he has served as researcher and senior consultant in various projects in academia and civil society. His research focuses on political participation, foreign policy and public opinion, child and youth well-being, methodology and statistics. He extensively studies and publishes about youth in Turkey, integration of Syrian refugee youth in Turkey, othering, polarization and populism. <\/p>\n<\/div>\n<\/div>\n\n\n\n<div class=\"wp-block-columns is-layout-flex wp-container-core-columns-layout-2 wp-block-columns-is-layout-flex\">\n<div class=\"wp-block-column is-layout-flow wp-block-column-is-layout-flow\">\n<div class=\"wp-block-image\"><figure class=\"aligncenter size-full\"><img loading=\"lazy\" decoding=\"async\" width=\"225\" height=\"300\" src=\"http:\/\/infodemiegitimi.org\/wp-content\/uploads\/2022\/02\/birnur.jpg\" alt=\"\" class=\"wp-image-814\" srcset=\"http:\/\/infodemiegitimi.org\/wp-content\/uploads\/2022\/02\/birnur.jpg 225w, http:\/\/infodemiegitimi.org\/wp-content\/uploads\/2022\/02\/birnur-9x12.jpg 9w\" sizes=\"(max-width: 225px) 100vw, 225px\" \/><\/figure><\/div>\n\n\n\n<h5 class=\"has-text-align-center wp-block-heading\">Birnur Eyolcu Kafal\u0131<\/h5>\n\n\n\n<p class=\"has-text-align-center\">Project Assistant<\/p>\n\n\n\n<p>After graduating from Marmara University Department of Political Science and International Relations, Birnur Eyolcu Kafal\u0131 worked in a marketing and communication field in various companies. In 2015, she started her master\u2019s degree in the \u0130stanbul Bilgi University Department of Social Projects and NGO Management. During her study, she mainly focused on gender issues and she is one of the founders of the 40tilki Woman Initiative that creates an awareness about teen-dating violence. Her master thesis is about the education and gender roles in Turkey in which the Purple Certificate Program is taken as a case study. Her current interests include gender issues, teen-dating violence, civil society studies and education practises.<\/p>\n<\/div>\n\n\n\n<div class=\"wp-block-column is-layout-flow wp-block-column-is-layout-flow\">\n<div class=\"wp-block-image\"><figure class=\"aligncenter size-large is-resized\"><img loading=\"lazy\" decoding=\"async\" src=\"http:\/\/infodemiegitimi.org\/wp-content\/uploads\/2022\/02\/saban_caytas_-768x1024.jpg\" alt=\"\" class=\"wp-image-818\" width=\"225\" height=\"300\" srcset=\"http:\/\/infodemiegitimi.org\/wp-content\/uploads\/2022\/02\/saban_caytas_-768x1024.jpg 768w, http:\/\/infodemiegitimi.org\/wp-content\/uploads\/2022\/02\/saban_caytas_-225x300.jpg 225w, http:\/\/infodemiegitimi.org\/wp-content\/uploads\/2022\/02\/saban_caytas_-1152x1536.jpg 1152w, http:\/\/infodemiegitimi.org\/wp-content\/uploads\/2022\/02\/saban_caytas_-1536x2048.jpg 1536w, http:\/\/infodemiegitimi.org\/wp-content\/uploads\/2022\/02\/saban_caytas_-9x12.jpg 9w, http:\/\/infodemiegitimi.org\/wp-content\/uploads\/2022\/02\/saban_caytas_-scaled.jpg 1920w\" sizes=\"(max-width: 225px) 100vw, 225px\" \/><\/figure><\/div>\n\n\n\n<h5 class=\"has-text-align-center wp-block-heading\">\u015eaban \u00c7ayta\u015f<\/h5>\n\n\n\n<p class=\"has-text-align-center\">Project Assistant<\/p>\n\n\n\n<p>\u015eaban \u00c7ayta\u015f is a doctoral student at Marmara University Department of Political Science and International Relations. He completed his undergraduate education at Istanbul University and his master's degree at Marmara University Department of International Political Economy. His research focuses on information disorder, foreign policy analysis, migration studies. He works as a researcher in various projects.<\/p>\n<\/div>\n<\/div>","protected":false},"excerpt":{"rendered":"<p>P\u0131nar Uyan Semerci Proje Koordinat\u00f6r\u00fc P\u0131nar Uyan Semerci, \u0130stanbul Bilgi \u00dcniversitesi Uluslararas\u0131 \u0130li\u015fkiler B\u00f6l\u00fcm\u00fc \u00f6\u011fretim \u00fcyesidir. 2007 y\u0131l\u0131ndan itibaren ayn\u0131 \u00fcniversitede G\u00f6\u00e7 \u00c7al\u0131\u015fmalar\u0131 Uygulama ve Ara\u015ft\u0131rma Merkezi m\u00fcd\u00fcrl\u00fc\u011f\u00fc ve 2017 y\u0131l\u0131ndan itibaren Sosyal ve Be\u015feri Bilimler Fak\u00fcltesi dekanl\u0131\u011f\u0131 g\u00f6revlerini y\u00fcr\u00fctmektedir. Doktora derecesini Bo\u011fazi\u00e7i \u00dcniversitesi Siyaset Bilimi alan\u0131nda alan Uyan Semerci, sosyal adalet, insani geli\u015fme, yapabilirlik &hellip;<\/p>\n<p class=\"read-more\"> <a class=\"\" href=\"http:\/\/infodemiegitimi.org\/en\/proje-ekibi\/\"> <span class=\"screen-reader-text\">Project Team<\/span> Read More &raquo;<\/a><\/p>","protected":false},"author":1,"featured_media":0,"parent":0,"menu_order":0,"comment_status":"closed","ping_status":"closed","template":"","meta":{"site-sidebar-layout":"default","site-content-layout":"default","ast-main-header-display":"","ast-hfb-above-header-display":"","ast-hfb-below-header-display":"","ast-hfb-mobile-header-display":"","site-post-title":"","ast-breadcrumbs-content":"","ast-featured-img":"","footer-sml-layout":"","theme-transparent-header-meta":"default","adv-header-id-meta":"","stick-header-meta":"","header-above-stick-meta":"","header-main-stick-meta":"","header-below-stick-meta":"","footnotes":""},"_links":{"self":[{"href":"http:\/\/infodemiegitimi.org\/en\/wp-json\/wp\/v2\/pages\/43"}],"collection":[{"href":"http:\/\/infodemiegitimi.org\/en\/wp-json\/wp\/v2\/pages"}],"about":[{"href":"http:\/\/infodemiegitimi.org\/en\/wp-json\/wp\/v2\/types\/page"}],"author":[{"embeddable":true,"href":"http:\/\/infodemiegitimi.org\/en\/wp-json\/wp\/v2\/users\/1"}],"replies":[{"embeddable":true,"href":"http:\/\/infodemiegitimi.org\/en\/wp-json\/wp\/v2\/comments?post=43"}],"version-history":[{"count":35,"href":"http:\/\/infodemiegitimi.org\/en\/wp-json\/wp\/v2\/pages\/43\/revisions"}],"predecessor-version":[{"id":819,"href":"http:\/\/infodemiegitimi.org\/en\/wp-json\/wp\/v2\/pages\/43\/revisions\/819"}],"wp:attachment":[{"href":"http:\/\/infodemiegitimi.org\/en\/wp-json\/wp\/v2\/media?parent=43"}],"curies":[{"name":"wp","href":"https:\/\/api.w.org\/{rel}","templated":true}]}}