{"id":47,"date":"2021-03-04T15:37:48","date_gmt":"2021-03-04T12:37:48","guid":{"rendered":"http:\/\/infodemiegitimi.org\/?page_id=47"},"modified":"2021-09-13T18:41:48","modified_gmt":"2021-09-13T15:41:48","slug":"arastirmalar","status":"publish","type":"page","link":"http:\/\/infodemiegitimi.org\/en\/arastirmalar\/","title":{"rendered":"Research"},"content":{"rendered":"<div data-elementor-type=\"wp-page\" data-elementor-id=\"47\" class=\"elementor elementor-47\">\n\t\t\t\t\t\t\t\t\t<section class=\"elementor-section elementor-top-section elementor-element elementor-element-e673be5 elementor-section-boxed elementor-section-height-default elementor-section-height-default\" data-id=\"e673be5\" data-element_type=\"section\">\n\t\t\t\t\t\t<div class=\"elementor-container elementor-column-gap-default\">\n\t\t\t\t\t<div class=\"elementor-column elementor-col-33 elementor-top-column elementor-element elementor-element-6d817f0\" data-id=\"6d817f0\" data-element_type=\"column\">\n\t\t\t<div class=\"elementor-widget-wrap elementor-element-populated\">\n\t\t\t\t\t\t\t\t<div class=\"elementor-element elementor-element-b8e20b2 elementor-widget elementor-widget-image\" data-id=\"b8e20b2\" data-element_type=\"widget\" data-widget_type=\"image.default\">\n\t\t\t\t<div class=\"elementor-widget-container\">\n\t\t\t\t\t\t\t\t\t\t\t\t\t\t\t\t<a href=\"https:\/\/www.who.int\/health-topics\/infodemic\">\n\t\t\t\t\t\t\t<img decoding=\"async\" src=\"http:\/\/infodemiegitimi.org\/wp-content\/uploads\/elementor\/thumbs\/World_Health_Organization_logo_WHO-p3vz1yyvn3xbhzkgnmu7w52xzg6gf50ufi31sldyi0.png\" title=\"World_Health_Organization_logo_WHO\" alt=\"World_Health_Organization_logo_WHO\" \/>\t\t\t\t\t\t\t\t<\/a>\n\t\t\t\t\t\t\t\t\t\t\t\t\t\t\t<\/div>\n\t\t\t\t<\/div>\n\t\t\t\t\t<\/div>\n\t\t<\/div>\n\t\t\t\t<div class=\"elementor-column elementor-col-66 elementor-top-column elementor-element elementor-element-fe2856e\" data-id=\"fe2856e\" data-element_type=\"column\">\n\t\t\t<div class=\"elementor-widget-wrap elementor-element-populated\">\n\t\t\t\t\t\t\t\t<div class=\"elementor-element elementor-element-e8335f5 elementor-widget elementor-widget-text-editor\" data-id=\"e8335f5\" data-element_type=\"widget\" data-widget_type=\"text-editor.default\">\n\t\t\t\t<div class=\"elementor-widget-container\">\n\t\t\t\t\t\t\t<p style=\"text-align: left;\"><strong>D\u00fcnya Sa\u011fl\u0131k \u00d6rg\u00fct\u00fc<\/strong><\/p><p style=\"text-align: left;\">D\u00fcnya Sa\u011fl\u0131k \u00d6rg\u00fct\u00fc COVID-19 d\u00f6neminde infodemi ile m\u00fccadele edebilmek i\u00e7in ortakl\u0131klar kurarak hem pandemi d\u00f6neminde hem de daha sonra ortaya \u00e7\u0131ka bilecek infodemilere kar\u015f\u0131 \u00e7e\u015fitli ara\u00e7lar geli\u015ftirmektedir.<\/p>\t\t\t\t\t\t<\/div>\n\t\t\t\t<\/div>\n\t\t\t\t\t<\/div>\n\t\t<\/div>\n\t\t\t\t\t\t\t<\/div>\n\t\t<\/section>\n\t\t\t\t<section class=\"elementor-section elementor-top-section elementor-element elementor-element-220ce1e elementor-section-boxed elementor-section-height-default elementor-section-height-default\" data-id=\"220ce1e\" data-element_type=\"section\">\n\t\t\t\t\t\t<div class=\"elementor-container elementor-column-gap-default\">\n\t\t\t\t\t<div class=\"elementor-column elementor-col-33 elementor-top-column elementor-element elementor-element-b9d50f4\" data-id=\"b9d50f4\" data-element_type=\"column\">\n\t\t\t<div class=\"elementor-widget-wrap elementor-element-populated\">\n\t\t\t\t\t\t\t\t<div class=\"elementor-element elementor-element-78bf457 elementor-widget elementor-widget-image\" data-id=\"78bf457\" data-element_type=\"widget\" data-widget_type=\"image.default\">\n\t\t\t\t<div class=\"elementor-widget-container\">\n\t\t\t\t\t\t\t\t\t\t\t\t\t\t\t\t<a href=\"https:\/\/firstdraftnews.org\/\">\n\t\t\t\t\t\t\t<img loading=\"lazy\" decoding=\"async\" width=\"148\" height=\"52\" src=\"http:\/\/infodemiegitimi.org\/wp-content\/uploads\/2021\/03\/new-horizontal-logo.png\" class=\"attachment-full size-full\" alt=\"\" \/>\t\t\t\t\t\t\t\t<\/a>\n\t\t\t\t\t\t\t\t\t\t\t\t\t\t\t<\/div>\n\t\t\t\t<\/div>\n\t\t\t\t\t<\/div>\n\t\t<\/div>\n\t\t\t\t<div class=\"elementor-column elementor-col-66 elementor-top-column elementor-element elementor-element-413e691\" data-id=\"413e691\" data-element_type=\"column\">\n\t\t\t<div class=\"elementor-widget-wrap elementor-element-populated\">\n\t\t\t\t\t\t\t\t<div class=\"elementor-element elementor-element-2852c23 elementor-widget elementor-widget-text-editor\" data-id=\"2852c23\" data-element_type=\"widget\" data-widget_type=\"text-editor.default\">\n\t\t\t\t<div class=\"elementor-widget-container\">\n\t\t\t\t\t\t\t<p><b>First Draft<\/b><\/p><p>First Draft toplumu yanl\u0131\u015f bilgilerden korumak ve yanl\u0131\u015f bilgiyle m\u00fccadele edebilmek i\u00e7in \u00e7e\u015fitli raporlar ve ara\u00e7lar haz\u0131rlamaktad\u0131r.<\/p>\t\t\t\t\t\t<\/div>\n\t\t\t\t<\/div>\n\t\t\t\t\t<\/div>\n\t\t<\/div>\n\t\t\t\t\t\t\t<\/div>\n\t\t<\/section>\n\t\t\t\t<section class=\"elementor-section elementor-top-section elementor-element elementor-element-f61fc66 elementor-section-boxed elementor-section-height-default elementor-section-height-default\" data-id=\"f61fc66\" data-element_type=\"section\">\n\t\t\t\t\t\t<div class=\"elementor-container elementor-column-gap-default\">\n\t\t\t\t\t<div class=\"elementor-column elementor-col-33 elementor-top-column elementor-element elementor-element-a5c3597\" data-id=\"a5c3597\" data-element_type=\"column\">\n\t\t\t<div class=\"elementor-widget-wrap elementor-element-populated\">\n\t\t\t\t\t\t\t\t<div class=\"elementor-element elementor-element-fddd8c4 elementor-widget elementor-widget-image\" data-id=\"fddd8c4\" data-element_type=\"widget\" data-widget_type=\"image.default\">\n\t\t\t\t<div class=\"elementor-widget-container\">\n\t\t\t\t\t\t\t\t\t\t\t\t\t\t\t\t<a href=\"https:\/\/covid19obs.fbk.eu\/#\/\">\n\t\t\t\t\t\t\t<img loading=\"lazy\" decoding=\"async\" width=\"150\" height=\"150\" src=\"http:\/\/infodemiegitimi.org\/wp-content\/uploads\/2021\/03\/707px-fbk-logo-150x150.png\" class=\"attachment-thumbnail size-thumbnail\" alt=\"\" \/>\t\t\t\t\t\t\t\t<\/a>\n\t\t\t\t\t\t\t\t\t\t\t\t\t\t\t<\/div>\n\t\t\t\t<\/div>\n\t\t\t\t\t<\/div>\n\t\t<\/div>\n\t\t\t\t<div class=\"elementor-column elementor-col-66 elementor-top-column elementor-element elementor-element-47105df\" data-id=\"47105df\" data-element_type=\"column\">\n\t\t\t<div class=\"elementor-widget-wrap elementor-element-populated\">\n\t\t\t\t\t\t\t\t<div class=\"elementor-element elementor-element-2e4fb2e elementor-widget elementor-widget-text-editor\" data-id=\"2e4fb2e\" data-element_type=\"widget\" data-widget_type=\"text-editor.default\">\n\t\t\t\t<div class=\"elementor-widget-container\">\n\t\t\t\t\t\t\t<p><strong>Covid19 Infodemics Observatory<\/strong>\u200b<\/p><p>Covid19 Infodemics Observatory, \u00fclkelerin COVID-19 hakk\u0131nda ne kadar yanl\u0131\u015f bilgi ve dezenformasyona maruz kald\u0131\u011f\u0131n\u0131 \u00f6l\u00e7er.<\/p>\t\t\t\t\t\t<\/div>\n\t\t\t\t<\/div>\n\t\t\t\t\t<\/div>\n\t\t<\/div>\n\t\t\t\t\t\t\t<\/div>\n\t\t<\/section>\n\t\t\t\t<section class=\"elementor-section elementor-top-section elementor-element elementor-element-567c906 elementor-section-boxed elementor-section-height-default elementor-section-height-default\" data-id=\"567c906\" data-element_type=\"section\">\n\t\t\t\t\t\t<div class=\"elementor-container elementor-column-gap-default\">\n\t\t\t\t\t<div class=\"elementor-column elementor-col-33 elementor-top-column elementor-element elementor-element-9b5ddb3\" data-id=\"9b5ddb3\" data-element_type=\"column\">\n\t\t\t<div class=\"elementor-widget-wrap elementor-element-populated\">\n\t\t\t\t\t\t\t\t<div class=\"elementor-element elementor-element-899ff1f elementor-widget elementor-widget-image\" data-id=\"899ff1f\" data-element_type=\"widget\" data-widget_type=\"image.default\">\n\t\t\t\t<div class=\"elementor-widget-container\">\n\t\t\t\t\t\t\t\t\t\t\t\t\t\t\t\t<a href=\"https:\/\/www.disinfo.eu\/coronavirus\">\n\t\t\t\t\t\t\t<img loading=\"lazy\" decoding=\"async\" width=\"150\" height=\"150\" src=\"http:\/\/infodemiegitimi.org\/wp-content\/uploads\/2021\/03\/Disinfo-Logo-on-white-rgb-400-150x150.jpg\" class=\"attachment-thumbnail size-thumbnail\" alt=\"\" \/>\t\t\t\t\t\t\t\t<\/a>\n\t\t\t\t\t\t\t\t\t\t\t\t\t\t\t<\/div>\n\t\t\t\t<\/div>\n\t\t\t\t\t<\/div>\n\t\t<\/div>\n\t\t\t\t<div class=\"elementor-column elementor-col-66 elementor-top-column elementor-element elementor-element-524ae38\" data-id=\"524ae38\" data-element_type=\"column\">\n\t\t\t<div class=\"elementor-widget-wrap elementor-element-populated\">\n\t\t\t\t\t\t\t\t<div class=\"elementor-element elementor-element-33d5f8d elementor-widget elementor-widget-text-editor\" data-id=\"33d5f8d\" data-element_type=\"widget\" data-widget_type=\"text-editor.default\">\n\t\t\t\t<div class=\"elementor-widget-container\">\n\t\t\t\t\t\t\t<p><strong>EU DisinfoLAB\u200b<\/strong><\/p><p>EU DisinfoLAB, Avrupa Birli\u011fi ve \u00fcye devletleri hedefleyen dezenformasyon kampanyalar\u0131yla m\u00fccadele etmektedir.\u00a0<\/p>\t\t\t\t\t\t<\/div>\n\t\t\t\t<\/div>\n\t\t\t\t\t<\/div>\n\t\t<\/div>\n\t\t\t\t\t\t\t<\/div>\n\t\t<\/section>\n\t\t\t\t<section class=\"elementor-section elementor-top-section elementor-element elementor-element-d16fe9f elementor-section-boxed elementor-section-height-default elementor-section-height-default\" data-id=\"d16fe9f\" data-element_type=\"section\">\n\t\t\t\t\t\t<div class=\"elementor-container elementor-column-gap-default\">\n\t\t\t\t\t\t\t\t<\/div>\n\t\t<\/section>\n\t\t\t\t\t\t\t<\/div>","protected":false},"excerpt":{"rendered":"<p>D\u00fcnya Sa\u011fl\u0131k \u00d6rg\u00fct\u00fc D\u00fcnya Sa\u011fl\u0131k \u00d6rg\u00fct\u00fc COVID-19 d\u00f6neminde infodemi ile m\u00fccadele edebilmek i\u00e7in ortakl\u0131klar kurarak hem pandemi d\u00f6neminde hem de daha sonra ortaya \u00e7\u0131ka bilecek infodemilere kar\u015f\u0131 \u00e7e\u015fitli ara\u00e7lar geli\u015ftirmektedir. First Draft First Draft toplumu yanl\u0131\u015f bilgilerden korumak ve yanl\u0131\u015f bilgiyle m\u00fccadele edebilmek i\u00e7in \u00e7e\u015fitli raporlar ve ara\u00e7lar haz\u0131rlamaktad\u0131r. Covid19 Infodemics Observatory\u200b Covid19 Infodemics Observatory, &hellip;<\/p>\n<p class=\"read-more\"> <a class=\"\" href=\"http:\/\/infodemiegitimi.org\/en\/arastirmalar\/\"> <span class=\"screen-reader-text\">Research<\/span> Read More &raquo;<\/a><\/p>","protected":false},"author":1,"featured_media":0,"parent":0,"menu_order":0,"comment_status":"closed","ping_status":"closed","template":"","meta":{"site-sidebar-layout":"default","site-content-layout":"default","ast-main-header-display":"","ast-hfb-above-header-display":"","ast-hfb-below-header-display":"","ast-hfb-mobile-header-display":"","site-post-title":"","ast-breadcrumbs-content":"","ast-featured-img":"","footer-sml-layout":"","theme-transparent-header-meta":"","adv-header-id-meta":"","stick-header-meta":"","header-above-stick-meta":"","header-main-stick-meta":"","header-below-stick-meta":"","footnotes":""},"_links":{"self":[{"href":"http:\/\/infodemiegitimi.org\/en\/wp-json\/wp\/v2\/pages\/47"}],"collection":[{"href":"http:\/\/infodemiegitimi.org\/en\/wp-json\/wp\/v2\/pages"}],"about":[{"href":"http:\/\/infodemiegitimi.org\/en\/wp-json\/wp\/v2\/types\/page"}],"author":[{"embeddable":true,"href":"http:\/\/infodemiegitimi.org\/en\/wp-json\/wp\/v2\/users\/1"}],"replies":[{"embeddable":true,"href":"http:\/\/infodemiegitimi.org\/en\/wp-json\/wp\/v2\/comments?post=47"}],"version-history":[{"count":29,"href":"http:\/\/infodemiegitimi.org\/en\/wp-json\/wp\/v2\/pages\/47\/revisions"}],"predecessor-version":[{"id":633,"href":"http:\/\/infodemiegitimi.org\/en\/wp-json\/wp\/v2\/pages\/47\/revisions\/633"}],"wp:attachment":[{"href":"http:\/\/infodemiegitimi.org\/en\/wp-json\/wp\/v2\/media?parent=47"}],"curies":[{"name":"wp","href":"https:\/\/api.w.org\/{rel}","templated":true}]}}