{"id":642,"date":"2021-10-07T15:25:23","date_gmt":"2021-10-07T12:25:23","guid":{"rendered":"http:\/\/infodemiegitimi.org\/?page_id=642"},"modified":"2022-01-19T20:41:25","modified_gmt":"2022-01-19T17:41:25","slug":"quiz","status":"publish","type":"page","link":"http:\/\/infodemiegitimi.org\/en\/quiz\/","title":{"rendered":"Quiz"},"content":{"rendered":"<div class=\"wp-block-columns is-layout-flex wp-container-core-columns-layout-1 wp-block-columns-is-layout-flex\">\n<div class=\"wp-block-column is-layout-flow wp-block-column-is-layout-flow\">\n<figure class=\"wp-block-image size-large\"><a href=\"http:\/\/infodemiegitimi.org\/en\/turkiyedeki-kutuplasma-hakkinda-ne-kadar-bilgi-sahibisin\/\"><img loading=\"lazy\" decoding=\"async\" width=\"1024\" height=\"629\" src=\"http:\/\/infodemiegitimi.org\/wp-content\/uploads\/2021\/11\/1635404655.9732-1024x629.jpg\" alt=\"\" class=\"wp-image-725\" srcset=\"http:\/\/infodemiegitimi.org\/wp-content\/uploads\/2021\/11\/1635404655.9732-1024x629.jpg 1024w, http:\/\/infodemiegitimi.org\/wp-content\/uploads\/2021\/11\/1635404655.9732-300x184.jpg 300w, http:\/\/infodemiegitimi.org\/wp-content\/uploads\/2021\/11\/1635404655.9732-768x472.jpg 768w, http:\/\/infodemiegitimi.org\/wp-content\/uploads\/2021\/11\/1635404655.9732-18x12.jpg 18w, http:\/\/infodemiegitimi.org\/wp-content\/uploads\/2021\/11\/1635404655.9732.jpg 1104w\" sizes=\"(max-width: 1024px) 100vw, 1024px\" \/><\/a><figcaption>T\u00fcrkiye\u2019deki kutupla\u015fma hakk\u0131nda ne kadar bilgi sahibisin?<br><\/figcaption><\/figure>\n<\/div>\n\n\n\n<div class=\"wp-block-column is-layout-flow wp-block-column-is-layout-flow\">\n<figure class=\"wp-block-image size-large\"><a href=\"http:\/\/infodemiegitimi.org\/en\/medya-kullanicilari-yanlis-bilgilerin-yayilimini-nasil-degerlendiriyor\/\"><img loading=\"lazy\" decoding=\"async\" width=\"1024\" height=\"640\" src=\"http:\/\/infodemiegitimi.org\/wp-content\/uploads\/2021\/11\/1635230764.3091-1024x640.png\" alt=\"\" class=\"wp-image-726\" srcset=\"http:\/\/infodemiegitimi.org\/wp-content\/uploads\/2021\/11\/1635230764.3091-1024x640.png 1024w, http:\/\/infodemiegitimi.org\/wp-content\/uploads\/2021\/11\/1635230764.3091-300x188.png 300w, http:\/\/infodemiegitimi.org\/wp-content\/uploads\/2021\/11\/1635230764.3091-768x480.png 768w, http:\/\/infodemiegitimi.org\/wp-content\/uploads\/2021\/11\/1635230764.3091-18x12.png 18w, http:\/\/infodemiegitimi.org\/wp-content\/uploads\/2021\/11\/1635230764.3091.png 1104w\" sizes=\"(max-width: 1024px) 100vw, 1024px\" \/><\/a><figcaption>Medya kullan\u0131c\u0131lar\u0131 yanl\u0131\u015f bilgilerin yay\u0131l\u0131m\u0131n\u0131 nas\u0131l de\u011ferlendiriyor?<br><\/figcaption><\/figure>\n<\/div>\n<\/div>\n\n\n\n<div class=\"wp-block-columns is-layout-flex wp-container-core-columns-layout-2 wp-block-columns-is-layout-flex\">\n<div class=\"wp-block-column is-layout-flow wp-block-column-is-layout-flow\">\n<figure class=\"wp-block-image size-full\"><a href=\"https:\/\/www.poltio.com\/e\/quiz\/3548?align=center&amp;share=off&amp;notify=off\"><img loading=\"lazy\" decoding=\"async\" width=\"1024\" height=\"576\" src=\"http:\/\/infodemiegitimi.org\/wp-content\/uploads\/2021\/11\/shutterstock_1626118645-1024x576-3.jpg\" alt=\"\" class=\"wp-image-724\" srcset=\"http:\/\/infodemiegitimi.org\/wp-content\/uploads\/2021\/11\/shutterstock_1626118645-1024x576-3.jpg 1024w, http:\/\/infodemiegitimi.org\/wp-content\/uploads\/2021\/11\/shutterstock_1626118645-1024x576-3-300x169.jpg 300w, http:\/\/infodemiegitimi.org\/wp-content\/uploads\/2021\/11\/shutterstock_1626118645-1024x576-3-768x432.jpg 768w, http:\/\/infodemiegitimi.org\/wp-content\/uploads\/2021\/11\/shutterstock_1626118645-1024x576-3-18x10.jpg 18w\" sizes=\"(max-width: 1024px) 100vw, 1024px\" \/><\/a><figcaption><a href=\"https:\/\/www.poltio.com\/e\/quiz\/3548?align=center&amp;share=off&amp;notify=off\" target=\"_blank\" rel=\"noreferrer noopener\">COVID-19 ile ilgi yay\u0131lan yanl\u0131\u015f bilgiler hakk\u0131nda ne kadar bilgi sahibisin?<\/a><\/figcaption><\/figure>\n<\/div>\n\n\n\n<div class=\"wp-block-column is-layout-flow wp-block-column-is-layout-flow\">\n<figure class=\"wp-block-image size-full\"><a href=\"http:\/\/infodemiegitimi.org\/en\/yaslilar-covid-19-doneminde-enformasyona-nasil-ulasti\/\"><img loading=\"lazy\" decoding=\"async\" width=\"780\" height=\"452\" src=\"http:\/\/infodemiegitimi.org\/wp-content\/uploads\/2021\/11\/infodemic.jpg\" alt=\"\" class=\"wp-image-727\" srcset=\"http:\/\/infodemiegitimi.org\/wp-content\/uploads\/2021\/11\/infodemic.jpg 780w, http:\/\/infodemiegitimi.org\/wp-content\/uploads\/2021\/11\/infodemic-300x174.jpg 300w, http:\/\/infodemiegitimi.org\/wp-content\/uploads\/2021\/11\/infodemic-768x445.jpg 768w, http:\/\/infodemiegitimi.org\/wp-content\/uploads\/2021\/11\/infodemic-18x10.jpg 18w\" sizes=\"(max-width: 780px) 100vw, 780px\" \/><\/a><figcaption>Ya\u015fl\u0131lar Covid-19 d\u00f6neminde enformasyona nas\u0131l ula\u015ft\u0131?<br><\/figcaption><\/figure>\n<\/div>\n<\/div>","protected":false},"excerpt":{"rendered":"","protected":false},"author":1,"featured_media":0,"parent":0,"menu_order":0,"comment_status":"closed","ping_status":"closed","template":"","meta":{"site-sidebar-layout":"no-sidebar","site-content-layout":"page-builder","ast-main-header-display":"","ast-hfb-above-header-display":"","ast-hfb-below-header-display":"","ast-hfb-mobile-header-display":"","site-post-title":"disabled","ast-breadcrumbs-content":"","ast-featured-img":"disabled","footer-sml-layout":"","theme-transparent-header-meta":"default","adv-header-id-meta":"","stick-header-meta":"","header-above-stick-meta":"","header-main-stick-meta":"","header-below-stick-meta":"","footnotes":""},"_links":{"self":[{"href":"http:\/\/infodemiegitimi.org\/en\/wp-json\/wp\/v2\/pages\/642"}],"collection":[{"href":"http:\/\/infodemiegitimi.org\/en\/wp-json\/wp\/v2\/pages"}],"about":[{"href":"http:\/\/infodemiegitimi.org\/en\/wp-json\/wp\/v2\/types\/page"}],"author":[{"embeddable":true,"href":"http:\/\/infodemiegitimi.org\/en\/wp-json\/wp\/v2\/users\/1"}],"replies":[{"embeddable":true,"href":"http:\/\/infodemiegitimi.org\/en\/wp-json\/wp\/v2\/comments?post=642"}],"version-history":[{"count":17,"href":"http:\/\/infodemiegitimi.org\/en\/wp-json\/wp\/v2\/pages\/642\/revisions"}],"predecessor-version":[{"id":780,"href":"http:\/\/infodemiegitimi.org\/en\/wp-json\/wp\/v2\/pages\/642\/revisions\/780"}],"wp:attachment":[{"href":"http:\/\/infodemiegitimi.org\/en\/wp-json\/wp\/v2\/media?parent=642"}],"curies":[{"name":"wp","href":"https:\/\/api.w.org\/{rel}","templated":true}]}}