{"id":647,"date":"2021-10-07T15:25:34","date_gmt":"2021-10-07T12:25:34","guid":{"rendered":"http:\/\/infodemiegitimi.org\/?page_id=647"},"modified":"2021-10-07T15:26:00","modified_gmt":"2021-10-07T12:26:00","slug":"covid-19-ile-ilgi-yayilan-yanlis-bilgiler-hakkinda-ne-kadar-bilgi-sahibisin","status":"publish","type":"page","link":"http:\/\/infodemiegitimi.org\/en\/covid-19-ile-ilgi-yayilan-yanlis-bilgiler-hakkinda-ne-kadar-bilgi-sahibisin\/","title":{"rendered":"COVID-19 ile ilgi yay\u0131lan yanl\u0131\u015f bilgiler hakk\u0131nda ne kadar bilgi sahibisin?"},"content":{"rendered":"<iframe loading=\"lazy\" id=\"poltio-embed-quiz-3548\" class=\"poltio-embed\" src=\"https:\/\/www.poltio.com\/e\/quiz\/3548\/slug?utm_source=embed2&#038;utm_medium=&#038;utm_campaign=quiz-3548&#038;share=off&#038;notify=off&#038;align=center\" width=\"100%\" height=\"800\" frameborder=\"0\" allowfullscreen=\"allowfullscreen\" scrolling=\"yes\" title=\"Embed\"><\/iframe><script src=\"https:\/\/platform.poltio.com\/widget.js\" defer><\/script>","protected":false},"excerpt":{"rendered":"","protected":false},"author":1,"featured_media":0,"parent":0,"menu_order":0,"comment_status":"closed","ping_status":"closed","template":"","meta":{"site-sidebar-layout":"default","site-content-layout":"default","ast-main-header-display":"","ast-hfb-above-header-display":"","ast-hfb-below-header-display":"","ast-hfb-mobile-header-display":"","site-post-title":"","ast-breadcrumbs-content":"","ast-featured-img":"","footer-sml-layout":"","theme-transparent-header-meta":"default","adv-header-id-meta":"","stick-header-meta":"","header-above-stick-meta":"","header-main-stick-meta":"","header-below-stick-meta":"","footnotes":""},"_links":{"self":[{"href":"http:\/\/infodemiegitimi.org\/en\/wp-json\/wp\/v2\/pages\/647"}],"collection":[{"href":"http:\/\/infodemiegitimi.org\/en\/wp-json\/wp\/v2\/pages"}],"about":[{"href":"http:\/\/infodemiegitimi.org\/en\/wp-json\/wp\/v2\/types\/page"}],"author":[{"embeddable":true,"href":"http:\/\/infodemiegitimi.org\/en\/wp-json\/wp\/v2\/users\/1"}],"replies":[{"embeddable":true,"href":"http:\/\/infodemiegitimi.org\/en\/wp-json\/wp\/v2\/comments?post=647"}],"version-history":[{"count":3,"href":"http:\/\/infodemiegitimi.org\/en\/wp-json\/wp\/v2\/pages\/647\/revisions"}],"predecessor-version":[{"id":709,"href":"http:\/\/infodemiegitimi.org\/en\/wp-json\/wp\/v2\/pages\/647\/revisions\/709"}],"wp:attachment":[{"href":"http:\/\/infodemiegitimi.org\/en\/wp-json\/wp\/v2\/media?parent=647"}],"curies":[{"name":"wp","href":"https:\/\/api.w.org\/{rel}","templated":true}]}}