{"id":662,"date":"2021-10-07T15:30:04","date_gmt":"2021-10-07T12:30:04","guid":{"rendered":"http:\/\/infodemiegitimi.org\/?page_id=662"},"modified":"2021-12-03T19:02:00","modified_gmt":"2021-12-03T16:02:00","slug":"dosya","status":"publish","type":"page","link":"http:\/\/infodemiegitimi.org\/en\/dosya\/","title":{"rendered":"File"},"content":{"rendered":"<div class=\"wp-block-columns is-layout-flex wp-container-core-columns-layout-1 wp-block-columns-is-layout-flex\">\n<div class=\"wp-block-column is-layout-flow wp-block-column-is-layout-flow\">\n<figure class=\"wp-block-image size-large\"><a href=\"http:\/\/infodemiegitimi.org\/en\/kapali-gruplar-mesajlasma-uygulamalari-ve-cevrimici-reklamlar\/\"><img loading=\"lazy\" decoding=\"async\" width=\"1024\" height=\"576\" src=\"http:\/\/infodemiegitimi.org\/wp-content\/uploads\/2021\/12\/Kapali-Gruplar-Mesajlasma-Uygulamalari-ve-Cevrimici-Reklamlar-4-1024x576.png\" alt=\"\" class=\"wp-image-773\" srcset=\"http:\/\/infodemiegitimi.org\/wp-content\/uploads\/2021\/12\/Kapali-Gruplar-Mesajlasma-Uygulamalari-ve-Cevrimici-Reklamlar-4-1024x576.png 1024w, http:\/\/infodemiegitimi.org\/wp-content\/uploads\/2021\/12\/Kapali-Gruplar-Mesajlasma-Uygulamalari-ve-Cevrimici-Reklamlar-4-300x169.png 300w, http:\/\/infodemiegitimi.org\/wp-content\/uploads\/2021\/12\/Kapali-Gruplar-Mesajlasma-Uygulamalari-ve-Cevrimici-Reklamlar-4-768x432.png 768w, http:\/\/infodemiegitimi.org\/wp-content\/uploads\/2021\/12\/Kapali-Gruplar-Mesajlasma-Uygulamalari-ve-Cevrimici-Reklamlar-4-1536x864.png 1536w, http:\/\/infodemiegitimi.org\/wp-content\/uploads\/2021\/12\/Kapali-Gruplar-Mesajlasma-Uygulamalari-ve-Cevrimici-Reklamlar-4-18x10.png 18w, http:\/\/infodemiegitimi.org\/wp-content\/uploads\/2021\/12\/Kapali-Gruplar-Mesajlasma-Uygulamalari-ve-Cevrimici-Reklamlar-4.png 1920w\" sizes=\"(max-width: 1024px) 100vw, 1024px\" \/><\/a><\/figure>\n\n\n\n<p><a href=\"http:\/\/infodemiegitimi.org\/en\/kapali-gruplar-mesajlasma-uygulamalari-ve-cevrimici-reklamlar\/\" target=\"_blank\" rel=\"noreferrer noopener\">Kapal\u0131 Gruplar, Mesajla\u015fma Uygulamalar\u0131 ve \u00c7evrimi\u00e7i Reklamlar<\/a><\/p>\n<\/div>\n\n\n\n<div class=\"wp-block-column is-layout-flow wp-block-column-is-layout-flow\">\n<figure class=\"wp-block-image size-large\"><a href=\"http:\/\/infodemiegitimi.org\/en\/bilgi-duzensizligini-anlamak\/\"><img loading=\"lazy\" decoding=\"async\" width=\"1024\" height=\"576\" src=\"http:\/\/infodemiegitimi.org\/wp-content\/uploads\/2021\/12\/Bilgi-Duzensizligini-Anlamak-1024x576.png\" alt=\"\" class=\"wp-image-765\" srcset=\"http:\/\/infodemiegitimi.org\/wp-content\/uploads\/2021\/12\/Bilgi-Duzensizligini-Anlamak-1024x576.png 1024w, http:\/\/infodemiegitimi.org\/wp-content\/uploads\/2021\/12\/Bilgi-Duzensizligini-Anlamak-300x169.png 300w, http:\/\/infodemiegitimi.org\/wp-content\/uploads\/2021\/12\/Bilgi-Duzensizligini-Anlamak-768x432.png 768w, http:\/\/infodemiegitimi.org\/wp-content\/uploads\/2021\/12\/Bilgi-Duzensizligini-Anlamak-1536x864.png 1536w, http:\/\/infodemiegitimi.org\/wp-content\/uploads\/2021\/12\/Bilgi-Duzensizligini-Anlamak-18x10.png 18w, http:\/\/infodemiegitimi.org\/wp-content\/uploads\/2021\/12\/Bilgi-Duzensizligini-Anlamak.png 1920w\" sizes=\"(max-width: 1024px) 100vw, 1024px\" \/><\/a><\/figure>\n\n\n\n<p><a rel=\"noreferrer noopener\" href=\"http:\/\/infodemiegitimi.org\/en\/bilgi-duzensizligini-anlamak\/\" target=\"_blank\">Understanding Information Disorder<\/a><\/p>\n<\/div>\n<\/div>","protected":false},"excerpt":{"rendered":"<p>Kapal\u0131 Gruplar, Mesajla\u015fma Uygulamalar\u0131 ve \u00c7evrimi\u00e7i Reklamlar Bilgi D\u00fczensizli\u011fini Anlamak<\/p>","protected":false},"author":1,"featured_media":0,"parent":0,"menu_order":0,"comment_status":"closed","ping_status":"closed","template":"elementor_theme","meta":{"site-sidebar-layout":"no-sidebar","site-content-layout":"page-builder","ast-main-header-display":"","ast-hfb-above-header-display":"","ast-hfb-below-header-display":"","ast-hfb-mobile-header-display":"","site-post-title":"disabled","ast-breadcrumbs-content":"","ast-featured-img":"disabled","footer-sml-layout":"","theme-transparent-header-meta":"default","adv-header-id-meta":"","stick-header-meta":"","header-above-stick-meta":"","header-main-stick-meta":"","header-below-stick-meta":"","footnotes":""},"_links":{"self":[{"href":"http:\/\/infodemiegitimi.org\/en\/wp-json\/wp\/v2\/pages\/662"}],"collection":[{"href":"http:\/\/infodemiegitimi.org\/en\/wp-json\/wp\/v2\/pages"}],"about":[{"href":"http:\/\/infodemiegitimi.org\/en\/wp-json\/wp\/v2\/types\/page"}],"author":[{"embeddable":true,"href":"http:\/\/infodemiegitimi.org\/en\/wp-json\/wp\/v2\/users\/1"}],"replies":[{"embeddable":true,"href":"http:\/\/infodemiegitimi.org\/en\/wp-json\/wp\/v2\/comments?post=662"}],"version-history":[{"count":6,"href":"http:\/\/infodemiegitimi.org\/en\/wp-json\/wp\/v2\/pages\/662\/revisions"}],"predecessor-version":[{"id":774,"href":"http:\/\/infodemiegitimi.org\/en\/wp-json\/wp\/v2\/pages\/662\/revisions\/774"}],"wp:attachment":[{"href":"http:\/\/infodemiegitimi.org\/en\/wp-json\/wp\/v2\/media?parent=662"}],"curies":[{"name":"wp","href":"https:\/\/api.w.org\/{rel}","templated":true}]}}