{"id":708,"date":"2021-10-28T10:53:43","date_gmt":"2021-10-28T07:53:43","guid":{"rendered":"http:\/\/infodemiegitimi.org\/?page_id=708"},"modified":"2021-10-28T10:53:44","modified_gmt":"2021-10-28T07:53:44","slug":"medya-kullanicilari-yanlis-bilgilerin-yayilimini-nasil-degerlendiriyor","status":"publish","type":"page","link":"http:\/\/infodemiegitimi.org\/en\/medya-kullanicilari-yanlis-bilgilerin-yayilimini-nasil-degerlendiriyor\/","title":{"rendered":"Medya kullan\u0131c\u0131lar\u0131 yanl\u0131\u015f bilgilerin yay\u0131l\u0131m\u0131n\u0131 nas\u0131l de\u011ferlendiriyor?"},"content":{"rendered":"<iframe loading=\"lazy\" id=\"poltio-embed-quiz-3578\" class=\"poltio-embed\" src=\"https:\/\/www.poltio.com\/e\/quiz\/3578\/slug?utm_source=embed2&#038;utm_medium=&#038;utm_campaign=quiz-3578&#038;share=on&#038;notify=on&#038;align=center\" width=\"100%\" height=\"800\" frameborder=\"0\" allowfullscreen=\"allowfullscreen\" scrolling=\"yes\" title=\"Embed\"><\/iframe><script src=\"https:\/\/platform.poltio.com\/widget.js\" defer><\/script>","protected":false},"excerpt":{"rendered":"","protected":false},"author":1,"featured_media":0,"parent":0,"menu_order":0,"comment_status":"closed","ping_status":"closed","template":"","meta":{"site-sidebar-layout":"default","site-content-layout":"default","ast-main-header-display":"","ast-hfb-above-header-display":"","ast-hfb-below-header-display":"","ast-hfb-mobile-header-display":"","site-post-title":"","ast-breadcrumbs-content":"","ast-featured-img":"","footer-sml-layout":"","theme-transparent-header-meta":"default","adv-header-id-meta":"","stick-header-meta":"","header-above-stick-meta":"","header-main-stick-meta":"","header-below-stick-meta":"","footnotes":""},"_links":{"self":[{"href":"http:\/\/infodemiegitimi.org\/en\/wp-json\/wp\/v2\/pages\/708"}],"collection":[{"href":"http:\/\/infodemiegitimi.org\/en\/wp-json\/wp\/v2\/pages"}],"about":[{"href":"http:\/\/infodemiegitimi.org\/en\/wp-json\/wp\/v2\/types\/page"}],"author":[{"embeddable":true,"href":"http:\/\/infodemiegitimi.org\/en\/wp-json\/wp\/v2\/users\/1"}],"replies":[{"embeddable":true,"href":"http:\/\/infodemiegitimi.org\/en\/wp-json\/wp\/v2\/comments?post=708"}],"version-history":[{"count":1,"href":"http:\/\/infodemiegitimi.org\/en\/wp-json\/wp\/v2\/pages\/708\/revisions"}],"predecessor-version":[{"id":710,"href":"http:\/\/infodemiegitimi.org\/en\/wp-json\/wp\/v2\/pages\/708\/revisions\/710"}],"wp:attachment":[{"href":"http:\/\/infodemiegitimi.org\/en\/wp-json\/wp\/v2\/media?parent=708"}],"curies":[{"name":"wp","href":"https:\/\/api.w.org\/{rel}","templated":true}]}}