{"id":719,"date":"2021-11-08T15:14:55","date_gmt":"2021-11-08T12:14:55","guid":{"rendered":"http:\/\/infodemiegitimi.org\/?page_id=719"},"modified":"2021-11-08T15:14:56","modified_gmt":"2021-11-08T12:14:56","slug":"yaslilar-covid-19-doneminde-enformasyona-nasil-ulasti","status":"publish","type":"page","link":"http:\/\/infodemiegitimi.org\/en\/yaslilar-covid-19-doneminde-enformasyona-nasil-ulasti\/","title":{"rendered":"Ya\u015fl\u0131lar Covid-19 d\u00f6neminde enformasyona nas\u0131l ula\u015ft\u0131?"},"content":{"rendered":"<iframe loading=\"lazy\" id=\"poltio-embed-quiz-3609\" class=\"poltio-embed\" src=\"https:\/\/www.poltio.com\/e\/quiz\/3609\/slug?utm_source=embed2&#038;utm_medium=&#038;utm_campaign=quiz-3609&#038;share=off&#038;notify=off&#038;align=center\" width=\"100%\" height=\"800\" frameborder=\"0\" allowfullscreen=\"allowfullscreen\" scrolling=\"yes\" title=\"Embed\"><\/iframe><script src=\"https:\/\/platform.poltio.com\/widget.js\" defer><\/script>","protected":false},"excerpt":{"rendered":"","protected":false},"author":1,"featured_media":0,"parent":0,"menu_order":0,"comment_status":"closed","ping_status":"closed","template":"","meta":{"site-sidebar-layout":"default","site-content-layout":"default","ast-main-header-display":"","ast-hfb-above-header-display":"","ast-hfb-below-header-display":"","ast-hfb-mobile-header-display":"","site-post-title":"","ast-breadcrumbs-content":"","ast-featured-img":"","footer-sml-layout":"","theme-transparent-header-meta":"","adv-header-id-meta":"","stick-header-meta":"","header-above-stick-meta":"","header-main-stick-meta":"","header-below-stick-meta":"","footnotes":""},"_links":{"self":[{"href":"http:\/\/infodemiegitimi.org\/en\/wp-json\/wp\/v2\/pages\/719"}],"collection":[{"href":"http:\/\/infodemiegitimi.org\/en\/wp-json\/wp\/v2\/pages"}],"about":[{"href":"http:\/\/infodemiegitimi.org\/en\/wp-json\/wp\/v2\/types\/page"}],"author":[{"embeddable":true,"href":"http:\/\/infodemiegitimi.org\/en\/wp-json\/wp\/v2\/users\/1"}],"replies":[{"embeddable":true,"href":"http:\/\/infodemiegitimi.org\/en\/wp-json\/wp\/v2\/comments?post=719"}],"version-history":[{"count":1,"href":"http:\/\/infodemiegitimi.org\/en\/wp-json\/wp\/v2\/pages\/719\/revisions"}],"predecessor-version":[{"id":720,"href":"http:\/\/infodemiegitimi.org\/en\/wp-json\/wp\/v2\/pages\/719\/revisions\/720"}],"wp:attachment":[{"href":"http:\/\/infodemiegitimi.org\/en\/wp-json\/wp\/v2\/media?parent=719"}],"curies":[{"name":"wp","href":"https:\/\/api.w.org\/{rel}","templated":true}]}}