{"id":731,"date":"2021-11-16T16:28:14","date_gmt":"2021-11-16T13:28:14","guid":{"rendered":"http:\/\/infodemiegitimi.org\/?page_id=731"},"modified":"2022-03-14T11:48:53","modified_gmt":"2022-03-14T08:48:53","slug":"konferans","status":"publish","type":"page","link":"http:\/\/infodemiegitimi.org\/en\/konferans\/","title":{"rendered":"Konferans"},"content":{"rendered":"<figure class=\"wp-block-image size-large\"><img loading=\"lazy\" decoding=\"async\" width=\"1024\" height=\"1024\" src=\"http:\/\/infodemiegitimi.org\/wp-content\/uploads\/2022\/02\/infodemi_1080x1080-2-1024x1024.png\" alt=\"\" class=\"wp-image-794\" srcset=\"http:\/\/infodemiegitimi.org\/wp-content\/uploads\/2022\/02\/infodemi_1080x1080-2-1024x1024.png 1024w, http:\/\/infodemiegitimi.org\/wp-content\/uploads\/2022\/02\/infodemi_1080x1080-2-300x300.png 300w, http:\/\/infodemiegitimi.org\/wp-content\/uploads\/2022\/02\/infodemi_1080x1080-2-150x150.png 150w, http:\/\/infodemiegitimi.org\/wp-content\/uploads\/2022\/02\/infodemi_1080x1080-2-768x768.png 768w, http:\/\/infodemiegitimi.org\/wp-content\/uploads\/2022\/02\/infodemi_1080x1080-2-12x12.png 12w, http:\/\/infodemiegitimi.org\/wp-content\/uploads\/2022\/02\/infodemi_1080x1080-2.png 1081w\" sizes=\"(max-width: 1024px) 100vw, 1024px\" \/><\/figure>\n\n\n\n<p class=\"has-drop-cap\">Yanl\u0131\u015f bilgilerin yay\u0131l\u0131m\u0131 yeni bir olgu de\u011fil. Ancak g\u00fcn\u00fcm\u00fczde dijital ara\u00e7lar\u0131n \u00e7e\u015fitlenmesi ve haber alma ve \u00fcretme pratiklerinde ya\u015fanan de\u011fi\u015fim yanl\u0131\u015f bilginin yay\u0131l\u0131m\u0131n\u0131 h\u0131zland\u0131r\u0131yor. Deprem, iklim de\u011fi\u015fikli\u011fi, salg\u0131n hastal\u0131klar ve a\u015f\u0131 gibi bilgi ihtiyac\u0131n\u0131n artt\u0131\u011f\u0131 alanlarda ise yanl\u0131\u015f bilgiler \u201csalg\u0131na\u201d d\u00f6n\u00fc\u015ferek bireylerin hayatlar\u0131n\u0131 tehdit eden bir olgu haline geliyor.<\/p>\n\n\n\n<p>COVID-19 pandemisiyle g\u00fcndeme gelen infodemi kriz anlar\u0131nda insanlar\u0131n yanl\u0131\u015f bilgilerin yayg\u0131nl\u0131\u011f\u0131 nedeniyle g\u00fcvenilir ve do\u011fru bilgiye eri\u015fememeleri ve bu yanl\u0131\u015f bilgilerin \u00e7ok h\u0131zl\u0131 bir \u015fekilde yay\u0131lmas\u0131 olarak tan\u0131mlanmaktad\u0131r. Bu d\u00f6nemde t\u0131pk\u0131 koronavir\u00fcs gibi h\u0131zla yay\u0131lan yanl\u0131\u015f bilgiler vir\u00fcse kar\u015f\u0131 al\u0131nan \u00f6nlemleri de etkileyerek hayat\u0131m\u0131zda bir tehdit olu\u015fturdu. Bu nedenle, yanl\u0131\u015f bilgilerin nas\u0131l yay\u0131ld\u0131\u011f\u0131n\u0131 anlamak ve bunlar\u0131 engellemeye y\u00f6nelik m\u00fcdahale y\u00f6ntemleri olu\u015fturmak olduk\u00e7a \u00f6nemli.<\/p>\n\n\n\n<p>\u0130stanbul Bilgi \u00dcniversitesi G\u00f6\u00e7 \u00c7al\u0131\u015fmalar\u0131 Uygulama ve Ara\u015ft\u0131rma Merkezi olarak, Konferans Bilim Kurulu \u00fcyelerinin katk\u0131lar\u0131yla bu y\u0131l ilk kez &#8220;<strong>Hakikat Sonras\u0131 \u00c7a\u011fda \u0130nfodemi ve Bilgi D\u00fczensizlikleri Lisans\u00fcst\u00fc \u00d6\u011frenci Konferans\u0131&#8221;n\u0131<\/strong> d\u00fczenleyerek i\u00e7inde bulundu\u011fumuz d\u00f6nemde yanl\u0131\u015f bilgilerin nas\u0131l ve neden yay\u0131ld\u0131\u011f\u0131n\u0131 ve yanl\u0131\u015f bilgilerin toplumsal etkilerini beraber tart\u0131\u015fmay\u0131 ama\u00e7l\u0131yoruz. Bu konferansta yeni medya, infodemi, bilgi d\u00fczensizli\u011fi, hakikat sonras\u0131 d\u00f6nem, komplo teorileri, a\u015f\u0131 kar\u015f\u0131tl\u0131\u011f\u0131, iklim inkarc\u0131l\u0131\u011f\u0131 gibi alanlarda \u00e7al\u0131\u015fmalar y\u00fcr\u00fcten y\u00fcksek lisans ve doktora \u00f6\u011frencilerini hem birbirleriyle hem de farkl\u0131 disiplinlerde \u00e7al\u0131\u015fan deneyimli akademisyenlerle bulu\u015fturarak bir tart\u0131\u015fma zemini olu\u015fturmay\u0131 hedefliyoruz.<\/p>\n\n\n\n<h4 class=\"wp-block-heading\"><strong>Bilim Kurulu<\/strong><\/h4>\n\n\n\n<div class=\"wp-block-columns is-layout-flex wp-container-core-columns-layout-1 wp-block-columns-is-layout-flex\">\n<div class=\"wp-block-column is-layout-flow wp-block-column-is-layout-flow\">\n<p>Sinan ALPER<\/p>\n<\/div>\n\n\n\n<div class=\"wp-block-column is-layout-flow wp-block-column-is-layout-flow\">\n<p>\u00d6zg\u00fcr ARUN<\/p>\n<\/div>\n\n\n\n<div class=\"wp-block-column is-layout-flow wp-block-column-is-layout-flow\">\n<p>Selim BADUR<\/p>\n<\/div>\n<\/div>\n\n\n\n<div class=\"wp-block-columns is-layout-flex wp-container-core-columns-layout-2 wp-block-columns-is-layout-flex\">\n<div class=\"wp-block-column is-layout-flow wp-block-column-is-layout-flow\">\n<p>Mutlu B\u0130NARK<\/p>\n<\/div>\n\n\n\n<div class=\"wp-block-column is-layout-flow wp-block-column-is-layout-flow\">\n<p>Emre ERDO\u011eAN<\/p>\n<\/div>\n\n\n\n<div class=\"wp-block-column is-layout-flow wp-block-column-is-layout-flow\">\n<p>Yasemin \u0130NCEO\u011eLU<\/p>\n<\/div>\n<\/div>\n\n\n\n<div class=\"wp-block-columns is-layout-flex wp-container-core-columns-layout-3 wp-block-columns-is-layout-flex\">\n<div class=\"wp-block-column is-layout-flow wp-block-column-is-layout-flow\">\n<p>Suncem KO\u00c7ER \u00c7AMURDAN<\/p>\n<\/div>\n\n\n\n<div class=\"wp-block-column is-layout-flow wp-block-column-is-layout-flow\">\n<p>Burak \u00d6Z\u00c7ET\u0130N<\/p>\n<\/div>\n\n\n\n<div class=\"wp-block-column is-layout-flow wp-block-column-is-layout-flow\">\n<p>Emel PARLAR DAL<\/p>\n<\/div>\n<\/div>\n\n\n\n<div class=\"wp-block-columns is-layout-flex wp-container-core-columns-layout-4 wp-block-columns-is-layout-flex\">\n<div class=\"wp-block-column is-layout-flow wp-block-column-is-layout-flow\">\n<p>Erkan SAKA<\/p>\n<\/div>\n\n\n\n<div class=\"wp-block-column is-layout-flow wp-block-column-is-layout-flow\">\n<p>Bilge \u015eENY\u00dcZ<\/p>\n<\/div>\n\n\n\n<div class=\"wp-block-column is-layout-flow wp-block-column-is-layout-flow\">\n<p>Emre TOROS<\/p>\n<\/div>\n<\/div>\n\n\n\n<div class=\"wp-block-columns is-layout-flex wp-container-core-columns-layout-5 wp-block-columns-is-layout-flex\">\n<div class=\"wp-block-column is-layout-flow wp-block-column-is-layout-flow\">\n<p>Asl\u0131 TUN\u00c7<\/p>\n<\/div>\n\n\n\n<div class=\"wp-block-column is-layout-flow wp-block-column-is-layout-flow\">\n<p>P\u0131nar UYAN SEMERC\u0130<\/p>\n<\/div>\n\n\n\n<div class=\"wp-block-column is-layout-flow wp-block-column-is-layout-flow\">\n<p><\/p>\n<\/div>\n<\/div>\n\n\n\n\n\n<h4 class=\"wp-block-heading\"><strong>Konferansa Kat\u0131l\u0131m<\/strong><\/h4>\n\n\n\n<div class=\"wp-block-file alignleft\"><a id=\"wp-block-file--media-f0d94bf8-edbd-42a7-aad1-5ba881788104\" href=\"http:\/\/infodemiegitimi.org\/wp-content\/uploads\/2022\/02\/infodemi_mailing__mailing.pdf\">Konferans Program\u0131<\/a><a href=\"http:\/\/infodemiegitimi.org\/wp-content\/uploads\/2022\/02\/infodemi_mailing__mailing.pdf\" class=\"wp-block-file__button\" download aria-describedby=\"wp-block-file--media-f0d94bf8-edbd-42a7-aad1-5ba881788104\">\u0130ndir<\/a><\/div>\n\n\n\n<p><\/p>\n\n\n\n<div class=\"wp-block-file\"><a id=\"wp-block-file--media-8797c7c7-e953-4d27-8ea5-a7f50c04011c\" href=\"http:\/\/infodemiegitimi.org\/wp-content\/uploads\/2022\/02\/konferans_ozet_kitapcigi.pdf\"> \u00d6zet Kitap\u00e7\u0131\u011f\u0131<\/a><a href=\"http:\/\/infodemiegitimi.org\/wp-content\/uploads\/2022\/02\/konferans_ozet_kitapcigi.pdf\" class=\"wp-block-file__button\" download aria-describedby=\"wp-block-file--media-8797c7c7-e953-4d27-8ea5-a7f50c04011c\">\u0130ndir<\/a><\/div>\n\n\n\n<p>Konferans hem <strong>santral<\/strong>istanbul Kamp\u00fcs\u00fc\u2019nde hem de \u00e7evrimi\u00e7i ortamda ayn\u0131 anda ger\u00e7ekle\u015ftirilecektir. Konferansa y\u00fcz y\u00fcze veya \u00e7evrimi\u00e7i ara\u00e7larla kat\u0131l\u0131m sa\u011flayabilirsiniz.<\/p>\n\n\n\n<p>Konferans e\u015f zamanl\u0131 iki oturumda ger\u00e7ekle\u015fecektir.<\/p>\n\n\n\n<ul><li>A oturumundaki panellere \u00e7evrimi\u00e7i olarak kat\u0131lmak i\u00e7in <a rel=\"noreferrer noopener\" href=\"https:\/\/us02web.zoom.us\/meeting\/register\/tZwofuGqpzMiEteytESelH9XnBDOfRb8-kmI\" target=\"_blank\">t\u0131klay\u0131n\u0131z<\/a>.<\/li><\/ul>\n\n\n\n<ul><li>A\u00e7\u0131l\u0131\u015f, Kapan\u0131\u015f ve B oturumundaki panellere \u00e7evrimi\u00e7i olarak kat\u0131lmak i\u00e7in <a href=\"https:\/\/us02web.zoom.us\/meeting\/register\/tZYqcOmvrjguGNa9h4hstdVwlYUEoEO3_7U2\">t\u0131klay\u0131n\u0131z<\/a>.<\/li><\/ul>\n\n\n\n<p>Konferansa y\u00fcz y\u00fcze kat\u0131lmak istiyorsan\u0131z kay\u0131t olmak i\u00e7in <a rel=\"noreferrer noopener\" href=\"mailto:rc.mig@bilgi.edu.tr\" target=\"_blank\">rc.mig@bilgi.edu.tr<\/a> adresine e-posta g\u00f6nderebilirsiniz. Konferans \u0130stanbul Bilgi \u00dcniversitesi <a rel=\"noreferrer noopener\" href=\"https:\/\/www.google.com\/maps?f=q&amp;source=s_q&amp;hl=en&amp;geocode&amp;q=%C4%B0stanbul+Bilgi+%C3%9Cniversitesi&amp;aq&amp;sll=41.00527,28.97696&amp;sspn=2.483073,3.392029&amp;ie=UTF8&amp;hq=%C4%B0stanbul+Bilgi+%C3%9Cniversitesi&amp;hnear&amp;radius=15000&amp;ll=41.053337,29.022789&amp;spn=0.155081,0.212002&amp;t=m&amp;z=13&amp;vpsrc=6&amp;iwloc=A&amp;cid=9229145791593233541\" target=\"_blank\"><strong>santral<\/strong>istanbul <\/a>Kamp\u00fcs\u00fc\u2019nde E1-301 ve E1-307 dersliklerinde ger\u00e7ekle\u015fecektir.<\/p>\n\n\n\n<p>*Covid-19 tedbirleri kapsam\u0131nda kamp\u00fcslere giri\u015flerde \u00e7ift doz a\u015f\u0131 belgesi veya a\u015f\u0131 bulunmamas\u0131 durumunda son 48 saat i\u00e7inde al\u0131nm\u0131\u015f negatif PCR test sonucu&nbsp;zorunlulu\u011fu bulunmaktad\u0131r.<\/p>","protected":false},"excerpt":{"rendered":"<p>Yanl\u0131\u015f bilgilerin yay\u0131l\u0131m\u0131 yeni bir olgu de\u011fil. Ancak g\u00fcn\u00fcm\u00fczde dijital ara\u00e7lar\u0131n \u00e7e\u015fitlenmesi ve haber alma ve \u00fcretme pratiklerinde ya\u015fanan de\u011fi\u015fim yanl\u0131\u015f bilginin yay\u0131l\u0131m\u0131n\u0131 h\u0131zland\u0131r\u0131yor. Deprem, iklim de\u011fi\u015fikli\u011fi, salg\u0131n hastal\u0131klar ve a\u015f\u0131 gibi bilgi ihtiyac\u0131n\u0131n artt\u0131\u011f\u0131 alanlarda ise yanl\u0131\u015f bilgiler \u201csalg\u0131na\u201d d\u00f6n\u00fc\u015ferek bireylerin hayatlar\u0131n\u0131 tehdit eden bir olgu haline geliyor. COVID-19 pandemisiyle g\u00fcndeme gelen infodemi kriz &hellip;<\/p>\n<p class=\"read-more\"> <a class=\"\" href=\"http:\/\/infodemiegitimi.org\/en\/konferans\/\"> <span class=\"screen-reader-text\">Konferans<\/span> Read More &raquo;<\/a><\/p>","protected":false},"author":1,"featured_media":0,"parent":0,"menu_order":0,"comment_status":"closed","ping_status":"closed","template":"","meta":{"site-sidebar-layout":"default","site-content-layout":"default","ast-main-header-display":"","ast-hfb-above-header-display":"","ast-hfb-below-header-display":"","ast-hfb-mobile-header-display":"","site-post-title":"","ast-breadcrumbs-content":"","ast-featured-img":"","footer-sml-layout":"","theme-transparent-header-meta":"","adv-header-id-meta":"","stick-header-meta":"","header-above-stick-meta":"","header-main-stick-meta":"","header-below-stick-meta":"","footnotes":""},"_links":{"self":[{"href":"http:\/\/infodemiegitimi.org\/en\/wp-json\/wp\/v2\/pages\/731"}],"collection":[{"href":"http:\/\/infodemiegitimi.org\/en\/wp-json\/wp\/v2\/pages"}],"about":[{"href":"http:\/\/infodemiegitimi.org\/en\/wp-json\/wp\/v2\/types\/page"}],"author":[{"embeddable":true,"href":"http:\/\/infodemiegitimi.org\/en\/wp-json\/wp\/v2\/users\/1"}],"replies":[{"embeddable":true,"href":"http:\/\/infodemiegitimi.org\/en\/wp-json\/wp\/v2\/comments?post=731"}],"version-history":[{"count":12,"href":"http:\/\/infodemiegitimi.org\/en\/wp-json\/wp\/v2\/pages\/731\/revisions"}],"predecessor-version":[{"id":870,"href":"http:\/\/infodemiegitimi.org\/en\/wp-json\/wp\/v2\/pages\/731\/revisions\/870"}],"wp:attachment":[{"href":"http:\/\/infodemiegitimi.org\/en\/wp-json\/wp\/v2\/media?parent=731"}],"curies":[{"name":"wp","href":"https:\/\/api.w.org\/{rel}","templated":true}]}}