{"id":790,"date":"2022-02-02T00:52:28","date_gmt":"2022-02-01T21:52:28","guid":{"rendered":"http:\/\/infodemiegitimi.org\/?page_id=790"},"modified":"2022-02-02T00:52:29","modified_gmt":"2022-02-01T21:52:29","slug":"bilim-inkarciligi-teknikleri","status":"publish","type":"page","link":"http:\/\/infodemiegitimi.org\/en\/bilim-inkarciligi-teknikleri\/","title":{"rendered":"Bilim \u0130nkarc\u0131l\u0131\u011f\u0131 Teknikleri"},"content":{"rendered":"<p>Yap\u0131m a\u015famas\u0131nda<\/p>","protected":false},"excerpt":{"rendered":"<p>Yap\u0131m a\u015famas\u0131nda<\/p>","protected":false},"author":1,"featured_media":0,"parent":0,"menu_order":0,"comment_status":"closed","ping_status":"closed","template":"","meta":{"site-sidebar-layout":"default","site-content-layout":"default","ast-main-header-display":"","ast-hfb-above-header-display":"","ast-hfb-below-header-display":"","ast-hfb-mobile-header-display":"","site-post-title":"","ast-breadcrumbs-content":"","ast-featured-img":"","footer-sml-layout":"","theme-transparent-header-meta":"","adv-header-id-meta":"","stick-header-meta":"","header-above-stick-meta":"","header-main-stick-meta":"","header-below-stick-meta":"","footnotes":""},"_links":{"self":[{"href":"http:\/\/infodemiegitimi.org\/en\/wp-json\/wp\/v2\/pages\/790"}],"collection":[{"href":"http:\/\/infodemiegitimi.org\/en\/wp-json\/wp\/v2\/pages"}],"about":[{"href":"http:\/\/infodemiegitimi.org\/en\/wp-json\/wp\/v2\/types\/page"}],"author":[{"embeddable":true,"href":"http:\/\/infodemiegitimi.org\/en\/wp-json\/wp\/v2\/users\/1"}],"replies":[{"embeddable":true,"href":"http:\/\/infodemiegitimi.org\/en\/wp-json\/wp\/v2\/comments?post=790"}],"version-history":[{"count":1,"href":"http:\/\/infodemiegitimi.org\/en\/wp-json\/wp\/v2\/pages\/790\/revisions"}],"predecessor-version":[{"id":791,"href":"http:\/\/infodemiegitimi.org\/en\/wp-json\/wp\/v2\/pages\/790\/revisions\/791"}],"wp:attachment":[{"href":"http:\/\/infodemiegitimi.org\/en\/wp-json\/wp\/v2\/media?parent=790"}],"curies":[{"name":"wp","href":"https:\/\/api.w.org\/{rel}","templated":true}]}}