{"id":864,"date":"2022-03-11T19:00:36","date_gmt":"2022-03-11T16:00:36","guid":{"rendered":"http:\/\/infodemiegitimi.org\/?page_id=864"},"modified":"2024-12-25T23:01:02","modified_gmt":"2024-12-25T20:01:02","slug":"kitap","status":"publish","type":"page","link":"http:\/\/infodemiegitimi.org\/en\/kitap\/","title":{"rendered":"Kitap"},"content":{"rendered":"<figure class=\"wp-block-image aligncenter size-large is-resized\"><a href=\"http:\/\/infodemiegitimi.org\/wp-content\/uploads\/2024\/12\/infodemi-kavramlar-nedenler-ve-cozumler.pdf\"><img loading=\"lazy\" decoding=\"async\" width=\"710\" height=\"1024\" src=\"http:\/\/infodemiegitimi.org\/wp-content\/uploads\/2022\/03\/Screenshot-2022-03-03-122415i-710x1024.png\" alt=\"\" class=\"wp-image-871\" style=\"width:710px;height:auto\" srcset=\"http:\/\/infodemiegitimi.org\/wp-content\/uploads\/2022\/03\/Screenshot-2022-03-03-122415i-710x1024.png 710w, http:\/\/infodemiegitimi.org\/wp-content\/uploads\/2022\/03\/Screenshot-2022-03-03-122415i-208x300.png 208w, http:\/\/infodemiegitimi.org\/wp-content\/uploads\/2022\/03\/Screenshot-2022-03-03-122415i-768x1107.png 768w, http:\/\/infodemiegitimi.org\/wp-content\/uploads\/2022\/03\/Screenshot-2022-03-03-122415i-1066x1536.png 1066w, http:\/\/infodemiegitimi.org\/wp-content\/uploads\/2022\/03\/Screenshot-2022-03-03-122415i-8x12.png 8w, http:\/\/infodemiegitimi.org\/wp-content\/uploads\/2022\/03\/Screenshot-2022-03-03-122415i.png 1076w\" sizes=\"(max-width: 710px) 100vw, 710px\" \/><\/a><\/figure>\n\n\n\n<p class=\"has-drop-cap\">Ya\u015fad\u0131\u011f\u0131m\u0131z \u00e7a\u011fda hi\u00e7 olmad\u0131\u011f\u0131 kadar \u00e7ok ve \u00e7e\u015fitli bilgiye ula\u015fabiliyoruz ancak do\u011fru bilgiye eri\u015febilmek hepimiz i\u00e7in zaman ve emek gerektiriyor. Her an yeni \u015feyler \u00f6\u011freniyor, bir\u00e7ok farkl\u0131 kanaldan bilgi ediniyoruz ama do\u011fruluklar\u0131ndan emin olam\u0131yoruz. Daha da \u00e7arp\u0131c\u0131 olan ise bizler de ayn\u0131 h\u0131zla bilgi yayabiliyoruz.<\/p>\n\n\n\n<p>\u0130stanbul Bilgi \u00dcniversitesi G\u00f6\u00e7 \u00c7al\u0131\u015fmalar\u0131 Uygulama ve Ara\u015ft\u0131rma Merkezi olarak y\u00fcr\u00fctt\u00fc\u011f\u00fcm\u00fcz bir\u00e7ok ara\u015ft\u0131rmada, toplumda ya\u015fanan \u00f6tekile\u015ftirme, kutupla\u015fma, g\u00f6\u00e7men kar\u015f\u0131tl\u0131\u011f\u0131 ve ayr\u0131mc\u0131l\u0131k pratikleri \u00fczerine \u00e7al\u0131\u015f\u0131rken, medyan\u0131n \u00e7ok boyutlu etkileri bulgular\u0131m\u0131z aras\u0131nda yer ald\u0131. Ara\u015ft\u0131rmalar\u0131m\u0131z hem sosyal medya ara\u00e7lar\u0131n\u0131n hem de geleneksel medyan\u0131n, insanlar\u0131n d\u00fcnya ve T\u00fcrkiye\u2019ye dair farkl\u0131 \u201cger\u00e7ek\u201dliklerde ya\u015famalar\u0131na yol a\u00e7t\u0131\u011f\u0131n\u0131 g\u00f6sterdi. Bu farkl\u0131 \u201cger\u00e7ek\u201dliklere dayanarak da insanlar\u0131n alg\u0131lar\u0131n\u0131, tutumlar\u0131n\u0131 ve davran\u0131\u015flar\u0131n\u0131 \u015fekillendirdi\u011fini, a\u00e7\u0131klad\u0131\u011f\u0131n\u0131 g\u00f6zlemledik.<\/p>\n\n\n\n<p>T\u00fcm d\u00fcnyay\u0131 etkileyen COVID-19 salg\u0131n\u0131 s\u0131ras\u0131nda infodemi ve t\u00fcm bilgi d\u00fczensizlikleri gittik\u00e7e artarak ger\u00e7eklik alg\u0131m\u0131z\u0131, g\u00fcnl\u00fck hayat\u0131m\u0131z\u0131 ve iyi olma halimizi olumsuz \u015fekilde etkileyen bir hal ald\u0131. Bireyleri infodemi ve bilgi d\u00fczensizliklerine kar\u015f\u0131 g\u00fc\u00e7lendirmeyi ve Hakikat Sonras\u0131 bu d\u00f6nemin karma\u015fas\u0131 kar\u015f\u0131s\u0131ndaki \u00e7aresizli\u011fini azaltmay\u0131 ama\u00e7layan bir dizi m\u00fcdahale \u00e7al\u0131\u015fmas\u0131n\u0131n bir par\u00e7as\u0131 olarak The Black Sea Trust for Regional Cooperation destekleri ile hayata ge\u00e7irdi\u011fimiz \u0130nfodemi E\u011fitimi Projesi\u2019nin son a\u015famas\u0131 olarak proje ekibi taraf\u0131ndan kaleme al\u0131nd\u0131. Kitap hem \u00e7evrimi\u00e7i hem de bas\u0131l\u0131 olarak a\u00e7\u0131k eri\u015fim kaynak halinde okurlar\u0131 ile bulu\u015fuyor. \u00d6zellikle \u00e7evrimi\u00e7i okuma yolculu\u011fu hem a\u00e7\u0131k dersler, hem de farkl\u0131 film, belgesel ve kaynak \u00f6nerilerinin ba\u011flant\u0131lar\u0131yla olduk\u00e7a kapsaml\u0131 bir temel kaynak olmay\u0131 hedefliyor.<\/p>\n\n\n\n<p>A\u00e7\u0131k kaynak yay\u0131nlanan kitaba ula\u015fmak i\u00e7in <a href=\"http:\/\/infodemiegitimi.org\/wp-content\/uploads\/2024\/12\/infodemi-kavramlar-nedenler-ve-cozumler.pdf\">t\u0131klay\u0131n\u0131z<\/a>.<\/p>","protected":false},"excerpt":{"rendered":"<p>Ya\u015fad\u0131\u011f\u0131m\u0131z \u00e7a\u011fda hi\u00e7 olmad\u0131\u011f\u0131 kadar \u00e7ok ve \u00e7e\u015fitli bilgiye ula\u015fabiliyoruz ancak do\u011fru bilgiye eri\u015febilmek hepimiz i\u00e7in zaman ve emek gerektiriyor. Her an yeni \u015feyler \u00f6\u011freniyor, bir\u00e7ok farkl\u0131 kanaldan bilgi ediniyoruz ama do\u011fruluklar\u0131ndan emin olam\u0131yoruz. Daha da \u00e7arp\u0131c\u0131 olan ise bizler de ayn\u0131 h\u0131zla bilgi yayabiliyoruz. \u0130stanbul Bilgi \u00dcniversitesi G\u00f6\u00e7 \u00c7al\u0131\u015fmalar\u0131 Uygulama ve Ara\u015ft\u0131rma Merkezi olarak &hellip;<\/p>\n<p class=\"read-more\"> <a class=\"\" href=\"http:\/\/infodemiegitimi.org\/en\/kitap\/\"> <span class=\"screen-reader-text\">Kitap<\/span> Read More &raquo;<\/a><\/p>","protected":false},"author":1,"featured_media":0,"parent":0,"menu_order":0,"comment_status":"closed","ping_status":"closed","template":"","meta":{"site-sidebar-layout":"default","site-content-layout":"default","ast-main-header-display":"","ast-hfb-above-header-display":"","ast-hfb-below-header-display":"","ast-hfb-mobile-header-display":"","site-post-title":"","ast-breadcrumbs-content":"","ast-featured-img":"","footer-sml-layout":"","theme-transparent-header-meta":"","adv-header-id-meta":"","stick-header-meta":"","header-above-stick-meta":"","header-main-stick-meta":"","header-below-stick-meta":"","footnotes":""},"_links":{"self":[{"href":"http:\/\/infodemiegitimi.org\/en\/wp-json\/wp\/v2\/pages\/864"}],"collection":[{"href":"http:\/\/infodemiegitimi.org\/en\/wp-json\/wp\/v2\/pages"}],"about":[{"href":"http:\/\/infodemiegitimi.org\/en\/wp-json\/wp\/v2\/types\/page"}],"author":[{"embeddable":true,"href":"http:\/\/infodemiegitimi.org\/en\/wp-json\/wp\/v2\/users\/1"}],"replies":[{"embeddable":true,"href":"http:\/\/infodemiegitimi.org\/en\/wp-json\/wp\/v2\/comments?post=864"}],"version-history":[{"count":6,"href":"http:\/\/infodemiegitimi.org\/en\/wp-json\/wp\/v2\/pages\/864\/revisions"}],"predecessor-version":[{"id":891,"href":"http:\/\/infodemiegitimi.org\/en\/wp-json\/wp\/v2\/pages\/864\/revisions\/891"}],"wp:attachment":[{"href":"http:\/\/infodemiegitimi.org\/en\/wp-json\/wp\/v2\/media?parent=864"}],"curies":[{"name":"wp","href":"https:\/\/api.w.org\/{rel}","templated":true}]}}